{"id":12327,"date":"2023-05-09T12:16:31","date_gmt":"2023-05-09T10:16:31","guid":{"rendered":"https:\/\/museemedecine.poush-dev.be\/mentions-legales\/"},"modified":"2025-07-01T11:29:26","modified_gmt":"2025-07-01T09:29:26","slug":"mentions-legales","status":"publish","type":"page","link":"https:\/\/www.museemedecine.be\/en\/mentions-legales\/","title":{"rendered":"Legal informations"},"content":{"rendered":"<h1>Mentions l\u00e9gales<\/h1>\n<h1>Legal informations<\/h1>\n<p>&nbsp;<\/p>\n<h2>About the Museum<\/h2>\n<p>&nbsp;<\/p>\n<p><strong>Museum of Medicine<\/strong><\/p>\n<p>The Museum of Medicine brings together art and archaeological objects.<\/p>\n<p>&nbsp;<\/p>\n<p><strong>Mission<\/strong><\/p>\n<p>To preserve and present collections of works of art and archaeological objects for the education, cultural enrichment and entertainment of the public.<\/p>\n<p>&nbsp;<\/p>\n<p><strong>Contact<\/strong><\/p>\n<p>Museum of Medicine<\/p>\n<p>Route De Lennik 808<\/p>\n<p>BE-1070 BRUSSELS (ANDERLECHT)<\/p>\n<p>&nbsp;<\/p>\n<p>+ 32 555. 34.31<\/p>\n<p>museemed@erasme.ulb.ac.be<\/p>\n<p>BE0433.839.923<\/p>\n<p>&nbsp;<\/p>\n<p>The Museum of Medicine is committed to complying with the legislation in force in Belgium and Europe and does everything in its power to prevent any unauthorised or unlawful use of your personal data. To this end, we use appropriate procedures and systems to ensure that only authorised persons have access to your information. We would also like to remind you that these people are bound by a duty of confidentiality in the course of their duties.<\/p>\n","protected":false},"excerpt":{"rendered":"<p>Mentions l\u00e9gales Legal informations &nbsp; About the Museum &nbsp; Museum of Medicine The Museum of Medicine brings together art and archaeological objects. &nbsp; Mission To preserve and present collections of works of art and archaeological objects for the education, cultural enrichment and entertainment of the public. &nbsp; Contact Museum of Medicine Route De Lennik 808&hellip;<\/p>\n","protected":false},"author":21,"featured_media":0,"parent":0,"menu_order":102,"comment_status":"closed","ping_status":"closed","template":"","meta":{"footnotes":""},"class_list":["post-12327","page","type-page","status-publish","hentry","description-off"],"yoast_head":"<!-- This site is optimized with the Yoast SEO plugin v26.8 - https:\/\/yoast.com\/product\/yoast-seo-wordpress\/ -->\n<title>Legal informations - Mus\u00e9e de la M\u00e9decine<\/title>\n<meta name=\"robots\" content=\"noindex, follow, max-snippet:-1, max-image-preview:large, max-video-preview:-1\" \/>\n<meta property=\"og:locale\" content=\"en_US\" \/>\n<meta property=\"og:type\" content=\"article\" \/>\n<meta property=\"og:title\" content=\"Legal informations - Mus\u00e9e de la M\u00e9decine\" \/>\n<meta property=\"og:description\" content=\"Mentions l\u00e9gales Legal informations &nbsp; About the Museum &nbsp; Museum of Medicine The Museum of Medicine brings together art and archaeological objects. &nbsp; Mission To preserve and present collections of works of art and archaeological objects for the education, cultural enrichment and entertainment of the public. &nbsp; Contact Museum of Medicine Route De Lennik 808&hellip;\" \/>\n<meta property=\"og:url\" content=\"https:\/\/www.museemedecine.be\/en\/mentions-legales\/\" \/>\n<meta property=\"og:site_name\" content=\"Mus\u00e9e de la M\u00e9decine\" \/>\n<meta property=\"article:publisher\" content=\"https:\/\/www.facebook.com\/museemedecinebxl\/\" \/>\n<meta property=\"article:modified_time\" content=\"2025-07-01T09:29:26+00:00\" \/>\n<meta name=\"twitter:card\" content=\"summary_large_image\" \/>\n<meta name=\"twitter:label1\" content=\"Est. reading time\" \/>\n\t<meta name=\"twitter:data1\" content=\"2 minutes\" \/>\n<script type=\"application\/ld+json\" class=\"yoast-schema-graph\">{\"@context\":\"https:\/\/schema.org\",\"@graph\":[{\"@type\":\"WebPage\",\"@id\":\"https:\/\/www.museemedecine.be\/en\/mentions-legales\/\",\"url\":\"https:\/\/www.museemedecine.be\/en\/mentions-legales\/\",\"name\":\"Legal informations - Mus\u00e9e de la M\u00e9decine\",\"isPartOf\":{\"@id\":\"https:\/\/www.museemedecine.be\/en\/#website\"},\"datePublished\":\"2023-05-09T10:16:31+00:00\",\"dateModified\":\"2025-07-01T09:29:26+00:00\",\"breadcrumb\":{\"@id\":\"https:\/\/www.museemedecine.be\/en\/mentions-legales\/#breadcrumb\"},\"inLanguage\":\"en-US\",\"potentialAction\":[{\"@type\":\"ReadAction\",\"target\":[\"https:\/\/www.museemedecine.be\/en\/mentions-legales\/\"]}]},{\"@type\":\"BreadcrumbList\",\"@id\":\"https:\/\/www.museemedecine.be\/en\/mentions-legales\/#breadcrumb\",\"itemListElement\":[{\"@type\":\"ListItem\",\"position\":1,\"name\":\"Home\",\"item\":\"https:\/\/www.museemedecine.be\/en\/\"},{\"@type\":\"ListItem\",\"position\":2,\"name\":\"Legal informations\"}]},{\"@type\":\"WebSite\",\"@id\":\"https:\/\/www.museemedecine.be\/en\/#website\",\"url\":\"https:\/\/www.museemedecine.be\/en\/\",\"name\":\"Mus\u00e9e de la M\u00e9decine\",\"description\":\"\",\"publisher\":{\"@id\":\"https:\/\/www.museemedecine.be\/en\/#organization\"},\"potentialAction\":[{\"@type\":\"SearchAction\",\"target\":{\"@type\":\"EntryPoint\",\"urlTemplate\":\"https:\/\/www.museemedecine.be\/en\/?s={search_term_string}\"},\"query-input\":{\"@type\":\"PropertyValueSpecification\",\"valueRequired\":true,\"valueName\":\"search_term_string\"}}],\"inLanguage\":\"en-US\"},{\"@type\":\"Organization\",\"@id\":\"https:\/\/www.museemedecine.be\/en\/#organization\",\"name\":\"Mus\u00e9e de la M\u00e9decine\",\"url\":\"https:\/\/www.museemedecine.be\/en\/\",\"logo\":{\"@type\":\"ImageObject\",\"inLanguage\":\"en-US\",\"@id\":\"https:\/\/www.museemedecine.be\/en\/#\/schema\/logo\/image\/\",\"url\":\"https:\/\/www.museemedecine.be\/wp-content\/uploads\/2022\/05\/logo-musee-medecine-bruxelles-150px.png\",\"contentUrl\":\"https:\/\/www.museemedecine.be\/wp-content\/uploads\/2022\/05\/logo-musee-medecine-bruxelles-150px.png\",\"width\":115,\"height\":121,\"caption\":\"Mus\u00e9e de la M\u00e9decine\"},\"image\":{\"@id\":\"https:\/\/www.museemedecine.be\/en\/#\/schema\/logo\/image\/\"},\"sameAs\":[\"https:\/\/www.facebook.com\/museemedecinebxl\/\",\"https:\/\/www.instagram.com\/musee.de.la.medecine\/\"]}]}<\/script>\n<!-- \/ Yoast SEO plugin. -->","yoast_head_json":{"title":"Legal informations - Mus\u00e9e de la M\u00e9decine","robots":{"index":"noindex","follow":"follow","max-snippet":"max-snippet:-1","max-image-preview":"max-image-preview:large","max-video-preview":"max-video-preview:-1"},"og_locale":"en_US","og_type":"article","og_title":"Legal informations - Mus\u00e9e de la M\u00e9decine","og_description":"Mentions l\u00e9gales Legal informations &nbsp; About the Museum &nbsp; Museum of Medicine The Museum of Medicine brings together art and archaeological objects. &nbsp; Mission To preserve and present collections of works of art and archaeological objects for the education, cultural enrichment and entertainment of the public. &nbsp; Contact Museum of Medicine Route De Lennik 808&hellip;","og_url":"https:\/\/www.museemedecine.be\/en\/mentions-legales\/","og_site_name":"Mus\u00e9e de la M\u00e9decine","article_publisher":"https:\/\/www.facebook.com\/museemedecinebxl\/","article_modified_time":"2025-07-01T09:29:26+00:00","twitter_card":"summary_large_image","twitter_misc":{"Est. reading time":"2 minutes"},"schema":{"@context":"https:\/\/schema.org","@graph":[{"@type":"WebPage","@id":"https:\/\/www.museemedecine.be\/en\/mentions-legales\/","url":"https:\/\/www.museemedecine.be\/en\/mentions-legales\/","name":"Legal informations - Mus\u00e9e de la M\u00e9decine","isPartOf":{"@id":"https:\/\/www.museemedecine.be\/en\/#website"},"datePublished":"2023-05-09T10:16:31+00:00","dateModified":"2025-07-01T09:29:26+00:00","breadcrumb":{"@id":"https:\/\/www.museemedecine.be\/en\/mentions-legales\/#breadcrumb"},"inLanguage":"en-US","potentialAction":[{"@type":"ReadAction","target":["https:\/\/www.museemedecine.be\/en\/mentions-legales\/"]}]},{"@type":"BreadcrumbList","@id":"https:\/\/www.museemedecine.be\/en\/mentions-legales\/#breadcrumb","itemListElement":[{"@type":"ListItem","position":1,"name":"Home","item":"https:\/\/www.museemedecine.be\/en\/"},{"@type":"ListItem","position":2,"name":"Legal informations"}]},{"@type":"WebSite","@id":"https:\/\/www.museemedecine.be\/en\/#website","url":"https:\/\/www.museemedecine.be\/en\/","name":"Mus\u00e9e de la M\u00e9decine","description":"","publisher":{"@id":"https:\/\/www.museemedecine.be\/en\/#organization"},"potentialAction":[{"@type":"SearchAction","target":{"@type":"EntryPoint","urlTemplate":"https:\/\/www.museemedecine.be\/en\/?s={search_term_string}"},"query-input":{"@type":"PropertyValueSpecification","valueRequired":true,"valueName":"search_term_string"}}],"inLanguage":"en-US"},{"@type":"Organization","@id":"https:\/\/www.museemedecine.be\/en\/#organization","name":"Mus\u00e9e de la M\u00e9decine","url":"https:\/\/www.museemedecine.be\/en\/","logo":{"@type":"ImageObject","inLanguage":"en-US","@id":"https:\/\/www.museemedecine.be\/en\/#\/schema\/logo\/image\/","url":"https:\/\/www.museemedecine.be\/wp-content\/uploads\/2022\/05\/logo-musee-medecine-bruxelles-150px.png","contentUrl":"https:\/\/www.museemedecine.be\/wp-content\/uploads\/2022\/05\/logo-musee-medecine-bruxelles-150px.png","width":115,"height":121,"caption":"Mus\u00e9e de la M\u00e9decine"},"image":{"@id":"https:\/\/www.museemedecine.be\/en\/#\/schema\/logo\/image\/"},"sameAs":["https:\/\/www.facebook.com\/museemedecinebxl\/","https:\/\/www.instagram.com\/musee.de.la.medecine\/"]}]}},"post_mailing_queue_ids":[],"_links":{"self":[{"href":"https:\/\/www.museemedecine.be\/en\/wp-json\/wp\/v2\/pages\/12327","targetHints":{"allow":["GET"]}}],"collection":[{"href":"https:\/\/www.museemedecine.be\/en\/wp-json\/wp\/v2\/pages"}],"about":[{"href":"https:\/\/www.museemedecine.be\/en\/wp-json\/wp\/v2\/types\/page"}],"author":[{"embeddable":true,"href":"https:\/\/www.museemedecine.be\/en\/wp-json\/wp\/v2\/users\/21"}],"replies":[{"embeddable":true,"href":"https:\/\/www.museemedecine.be\/en\/wp-json\/wp\/v2\/comments?post=12327"}],"version-history":[{"count":2,"href":"https:\/\/www.museemedecine.be\/en\/wp-json\/wp\/v2\/pages\/12327\/revisions"}],"predecessor-version":[{"id":12331,"href":"https:\/\/www.museemedecine.be\/en\/wp-json\/wp\/v2\/pages\/12327\/revisions\/12331"}],"wp:attachment":[{"href":"https:\/\/www.museemedecine.be\/en\/wp-json\/wp\/v2\/media?parent=12327"}],"curies":[{"name":"wp","href":"https:\/\/api.w.org\/{rel}","templated":true}]}}